{"id":374,"date":"2022-11-08T09:18:38","date_gmt":"2022-11-08T09:18:38","guid":{"rendered":"http:\/\/localhost\/humble2022\/charity\/"},"modified":"2022-11-30T15:09:04","modified_gmt":"2022-11-30T15:09:04","slug":"charity","status":"publish","type":"page","link":"https:\/\/www.yourhumble.com\/en\/charity\/","title":{"rendered":"Charity"},"content":{"rendered":"<section id=\"large-image-slider-block_64baf59534321fa1e9d1c88db763360b\" class=\"large-image-slider large-image-slider\">\n    <div class=\"swiper swiper-large-image-slider-block_64baf59534321fa1e9d1c88db763360b large-image-slider__slider\">\n        <div class=\"swiper-wrapper\">\n                            <div class=\"large-image-slider__slide swiper-slide\">\n                                        <picture>\n                        <source media=\"(min-width:900px)\" srcset=\"https:\/\/www.yourhumble.com\/wp-content\/uploads\/2022\/11\/Banner-Charity-8.jpg\">\n                        <img decoding=\"async\" src=\"https:\/\/www.yourhumble.com\/wp-content\/uploads\/2022\/11\/Banner-Charity-mobile-8.jpg\" style=\"width:auto;\">\n                    <\/picture>\n                                    <\/div>\n                    <\/div>\n    <\/div>\n    <div class=\"large-image-slider__pagination-container\">\n        <div class=\"swiper-large-image-pagination-block_64baf59534321fa1e9d1c88db763360b large-image-slider__pagination resp-width-cont\">\n        <\/div>\n    <\/div>\n\n<\/section>\n\n<script>\n    const largeimagesliderblock_64baf59534321fa1e9d1c88db763360b = new Swiper('.swiper-large-image-slider-block_64baf59534321fa1e9d1c88db763360b', {\n        direction: 'horizontal',\n        slidesPerView: 1,\n        grabCursor: true,\n        speed: 1500,\n        resizeObserver: true,\n        loop: false,\n        autoplay: {\n            delay: 4000,\n        },\n\n        pagination: {\n            el: '.swiper-large-image-pagination-block_64baf59534321fa1e9d1c88db763360b',\n            clickable: true\n        },\n\n        navigation: {\n            prevEl: \".swiper-prev-block_64baf59534321fa1e9d1c88db763360b\",\n            nextEl: \".swiper-next-block_64baf59534321fa1e9d1c88db763360b\",\n        },\n    });\n<\/script>\n\n<section id=\"charity-header-block_6aa8f51d4798daae70d422bd745b8f0c\" class=\"charity-header charity-header\">\n    <div class=\"charity-header__wrapper resp-width-cont \">\n        <div class=\"charity-header__image\">        \n            <img decoding=\"async\" src=\"https:\/\/www.yourhumble.com\/wp-content\/uploads\/2022\/11\/logo-charity.svg\" \/>\n        <\/div>\n        <div class=\"charity-header__copy\">\n            <h2>At Humble, we donate at least 1% of the sales of smoothies and juices to our chosen projects (note: no profit!).<\/h2>\n<p>See below what we have donated to!<\/p>\n<p>1% for the Planet is an international organisation whose members pay at least 1% of their annual income to environmental actions to protect the environment. The goal is to provide accountability and prevent greenwashing.<\/p>\n<p><a href=\"https:\/\/onepercentfortheplanet.org\/\">onepercentfortheplanet.org<\/a><\/p>\n        <\/div>\n    <\/div>\n<\/section>\n\n<section id=\"charity-projects-block_9aad9877c6e7dfc052fbe4cd0e217ebe\" class=\"charity-projects charity-projects resp-width-cont\">\n \n    <h2>OLEMME LAHJOITTANEET MM. SEURAAVIIN KOHTEISIIN:<\/h2>\n    <div class=\"charity-projects__grid\">        \n                    <div class=\"charity-projects__grid-item\">\n                <div class=\"content\">\n                    <img decoding=\"async\" src=\"https:\/\/www.yourhumble.com\/wp-content\/uploads\/2022\/11\/image-john-Nurmisen-copy.jpg\" \/>\n                    <h3>John Nurmisen S\u00e4\u00e4ti\u00f6<\/h3>\n                    <p>The goal of the John Nurminen Foundation, founded in 1992, is to save the Baltic Sea and its heritage for future generations. The projects improve the Baltic Sea by reducing the load on the sea and environmental problems, such as eutrophication and loss of nature. The foundation\u2019s mission is also to nurture, enliven, and transmit only stories and cultural heritage.<\/p>\n                <\/div>\n                <a target=\"_blank\" class=\"button button__blue\" href=\"https:\/\/onepercentfortheplanet.org\/\">Find Out More<\/a>\n            <\/div>\n                    <div class=\"charity-projects__grid-item\">\n                <div class=\"content\">\n                    <img decoding=\"async\" src=\"https:\/\/www.yourhumble.com\/wp-content\/uploads\/2022\/11\/danyadara-planting-1-scaled-1.jpg\" \/>\n                    <h3>Danyadara Permaculture Project (Espanja)<\/h3>\n                    <p>Southern Europe is threatened by desertification. Danyadara is a non-profit foundation that works mainly with volunteers, focusing on stopping desertification. The goal is to re-create a forest-agriculture system that contributes to soil well-being, increases species diversity, improves water management and increases the carbon sequestration of vegetation. In addition, the aim is to train farmers so that they know how to adopt more sustainable methods, thus getting more financial benefit themselves.<\/p>\n                <\/div>\n                <a target=\"_blank\" class=\"button button__blue\" href=\"https:\/\/onepercentfortheplanet.org\/\">Find Out More<\/a>\n            <\/div>\n                    <div class=\"charity-projects__grid-item\">\n                <div class=\"content\">\n                    <img decoding=\"async\" src=\"https:\/\/www.yourhumble.com\/wp-content\/uploads\/2022\/11\/National-Ocean-Service-Image-.jpg\" \/>\n                    <h3>Pure Ocean<\/h3>\n                    <p>The main goal of Pure Ocean is to support research to preserve the diversity of water bodies, protect and restore fragile marine ecosystems and increase knowledge about the critical state of the oceans. Pure Ocean participates in the fight against climate change.<\/p>\n                <\/div>\n                <a target=\"_blank\" class=\"button button__blue\" href=\"https:\/\/onepercentfortheplanet.org\/\">Find Out More<\/a>\n            <\/div>\n                \n    <\/div>\n<\/section>","protected":false},"excerpt":{"rendered":"","protected":false},"author":1,"featured_media":0,"parent":0,"menu_order":0,"comment_status":"closed","ping_status":"closed","template":"","meta":{"_acf_changed":false,"footnotes":""},"class_list":["post-374","page","type-page","status-publish","hentry"],"acf":[],"_links":{"self":[{"href":"https:\/\/www.yourhumble.com\/en\/wp-json\/wp\/v2\/pages\/374","targetHints":{"allow":["GET"]}}],"collection":[{"href":"https:\/\/www.yourhumble.com\/en\/wp-json\/wp\/v2\/pages"}],"about":[{"href":"https:\/\/www.yourhumble.com\/en\/wp-json\/wp\/v2\/types\/page"}],"author":[{"embeddable":true,"href":"https:\/\/www.yourhumble.com\/en\/wp-json\/wp\/v2\/users\/1"}],"replies":[{"embeddable":true,"href":"https:\/\/www.yourhumble.com\/en\/wp-json\/wp\/v2\/comments?post=374"}],"version-history":[{"count":5,"href":"https:\/\/www.yourhumble.com\/en\/wp-json\/wp\/v2\/pages\/374\/revisions"}],"predecessor-version":[{"id":496,"href":"https:\/\/www.yourhumble.com\/en\/wp-json\/wp\/v2\/pages\/374\/revisions\/496"}],"wp:attachment":[{"href":"https:\/\/www.yourhumble.com\/en\/wp-json\/wp\/v2\/media?parent=374"}],"curies":[{"name":"wp","href":"https:\/\/api.w.org\/{rel}","templated":true}]}}